{"id":65,"date":"2025-08-06T10:30:38","date_gmt":"2025-08-06T10:30:38","guid":{"rendered":"https:\/\/ptkauppa.fi\/?page_id=65"},"modified":"2025-08-06T12:34:49","modified_gmt":"2025-08-06T12:34:49","slug":"uudistamme-paivittaistavarakauppaa","status":"publish","type":"page","link":"https:\/\/ptkauppa.fi\/index.php\/uudistamme-paivittaistavarakauppaa\/","title":{"rendered":"Uudistamme pt Kauppaa"},"content":{"rendered":"\n<div class=\"wp-block-cover alignfull has-parallax has-accent-1-color has-text-color has-link-color wp-elements-27d8d38500c81ba1cdbdbdc91ce62883\" style=\"margin-top:0;margin-bottom:0;padding-top:200px;padding-right:var(--wp--preset--spacing--50);padding-bottom:200px;padding-left:var(--wp--preset--spacing--50);min-height:100vh;aspect-ratio:unset;\"><div class=\"wp-block-cover__image-background wp-image-34 size-large has-parallax\" style=\"background-position:50% 50%;background-image:url(https:\/\/ptkauppa.fi\/wp-content\/uploads\/2025\/08\/pt-kauppa-risteys-1024x473.png)\"><\/div><span aria-hidden=\"true\" class=\"wp-block-cover__background has-contrast-background-color has-background-dim\"><\/span><div class=\"wp-block-cover__inner-container has-global-padding is-layout-constrained wp-container-core-cover-is-layout-d47c59a2 wp-block-cover-is-layout-constrained\">\n<div class=\"wp-block-group is-vertical is-content-justification-left is-layout-flex wp-container-core-group-is-layout-dd225191 wp-block-group-is-layout-flex\">\n<p class=\"has-text-align-left\">P\u00e4ivitt\u00e4istavarakauppaa uudistetaan Myn\u00e4m\u00e4ess\u00e4 Pyheell\u00e4, vilkkaan Kustavintien ja Pyh\u00e4ntien risteyksess\u00e4.<\/p>\n<\/div>\n<\/div><\/div>\n\n\n\n<p>Uudistamme p\u00e4ivitt\u00e4istavarakauppaa Myn\u00e4m\u00e4ess\u00e4 Pyheell\u00e4, vilkkaassa Kustavintien ja Pyh\u00e4ntien risteyksess\u00e4. Tuhansille alueen ihmisille, uudistuva p\u00e4ivitt\u00e4istavaraakauppa on l\u00e4hin kauppa. Kustavintien suuntaan risteyksess\u00e4 p\u00e4ivitt\u00e4in kulkevalle, noin 6000 autoilijalle, uudistuvassa p\u00e4ivitt\u00e4istavarakaupassa on jatkossa entist\u00e4kin helpompaa ja nopeampaa asioida.<\/p>\n","protected":false},"excerpt":{"rendered":"<p>Uudistamme p\u00e4ivitt\u00e4istavarakauppaa Myn\u00e4m\u00e4ess\u00e4 Pyheell\u00e4, vilkkaassa Kustavintien ja Pyh\u00e4ntien risteyksess\u00e4. Tuhansille alueen ihmisille, uudistuva p\u00e4ivitt\u00e4istavaraakauppa on l\u00e4hin kauppa. Kustavintien suuntaan risteyksess\u00e4 p\u00e4ivitt\u00e4in kulkevalle, noin 6000 autoilijalle, uudistuvassa p\u00e4ivitt\u00e4istavarakaupassa on jatkossa entist\u00e4kin helpompaa ja nopeampaa asioida.<\/p>\n","protected":false},"author":1,"featured_media":0,"parent":0,"menu_order":0,"comment_status":"closed","ping_status":"closed","template":"","meta":{"footnotes":""},"class_list":["post-65","page","type-page","status-publish","hentry"],"_links":{"self":[{"href":"https:\/\/ptkauppa.fi\/index.php\/wp-json\/wp\/v2\/pages\/65","targetHints":{"allow":["GET"]}}],"collection":[{"href":"https:\/\/ptkauppa.fi\/index.php\/wp-json\/wp\/v2\/pages"}],"about":[{"href":"https:\/\/ptkauppa.fi\/index.php\/wp-json\/wp\/v2\/types\/page"}],"author":[{"embeddable":true,"href":"https:\/\/ptkauppa.fi\/index.php\/wp-json\/wp\/v2\/users\/1"}],"replies":[{"embeddable":true,"href":"https:\/\/ptkauppa.fi\/index.php\/wp-json\/wp\/v2\/comments?post=65"}],"version-history":[{"count":8,"href":"https:\/\/ptkauppa.fi\/index.php\/wp-json\/wp\/v2\/pages\/65\/revisions"}],"predecessor-version":[{"id":97,"href":"https:\/\/ptkauppa.fi\/index.php\/wp-json\/wp\/v2\/pages\/65\/revisions\/97"}],"wp:attachment":[{"href":"https:\/\/ptkauppa.fi\/index.php\/wp-json\/wp\/v2\/media?parent=65"}],"curies":[{"name":"wp","href":"https:\/\/api.w.org\/{rel}","templated":true}]}}